{"id":9656,"date":"2026-01-09T14:13:14","date_gmt":"2026-01-09T14:13:14","guid":{"rendered":"https:\/\/phmembermardev.wpenginepowered.com\/andalusia-al\/"},"modified":"2026-02-06T05:08:29","modified_gmt":"2026-02-06T05:08:29","slug":"andalusia","status":"publish","type":"page","link":"https:\/\/members.premisehealth.com\/es\/shaw\/andalusia\/","title":{"rendered":"Andalusia, AL | Shaw Family Health Center"},"content":{"rendered":"<div data-elementor-type=\"wp-page\" data-elementor-id=\"9656\" class=\"elementor elementor-9656\" data-elementor-post-type=\"page\">\n\t\t\t\t\t\t<section class=\"elementor-section elementor-top-section elementor-element elementor-element-37392808 elementor-reverse-mobile elementor-section-boxed elementor-section-height-default elementor-section-height-default\" data-id=\"37392808\" data-element_type=\"section\" data-e-type=\"section\" data-settings=\"{&quot;background_background&quot;:&quot;classic&quot;}\">\n\t\t\t\t\t\t<div class=\"elementor-container elementor-column-gap-default\">\n\t\t\t\t\t<div class=\"elementor-column elementor-col-50 elementor-top-column elementor-element elementor-element-422a013d\" data-id=\"422a013d\" data-element_type=\"column\" data-e-type=\"column\" data-settings=\"{&quot;background_background&quot;:&quot;classic&quot;}\">\n\t\t\t<div class=\"elementor-widget-wrap elementor-element-populated\">\n\t\t\t\t\t\t<div class=\"elementor-element elementor-element-a683188 elementor-widget elementor-widget-text-editor\" data-id=\"a683188\" data-element_type=\"widget\" data-e-type=\"widget\" data-widget_type=\"text-editor.default\">\n\t\t\t\t\t\t\t\t\t<p>Centro de Salud Familiar<\/p>\t\t\t\t\t\t\t\t<\/div>\n\t\t\t\t<div class=\"elementor-element elementor-element-395cd251 elementor-widget elementor-widget-text-editor\" data-id=\"395cd251\" data-element_type=\"widget\" data-e-type=\"widget\" data-widget_type=\"text-editor.default\">\n\t\t\t\t\t\t\t\t\t<p>Andalusia, Alabama<\/p>\t\t\t\t\t\t\t\t<\/div>\n\t\t\t\t\t<\/div>\n\t\t<\/div>\n\t\t\t\t<div class=\"elementor-column elementor-col-50 elementor-top-column elementor-element elementor-element-36f765d9\" data-id=\"36f765d9\" data-element_type=\"column\" data-e-type=\"column\">\n\t\t\t<div class=\"elementor-widget-wrap elementor-element-populated\">\n\t\t\t\t\t\t<div class=\"elementor-element elementor-element-124f6e45 elementor-widget elementor-widget-image\" data-id=\"124f6e45\" data-element_type=\"widget\" data-e-type=\"widget\" data-widget_type=\"image.default\">\n\t\t\t\t\t\t\t\t\t\t\t\t\t\t\t<img decoding=\"async\" src=\"https:\/\/members.premisehealth.com\/wp-content\/uploads\/2025\/08\/Icon.svg\" class=\"attachment-large size-large wp-image-17\" alt=\"\" \/>\t\t\t\t\t\t\t\t\t\t\t\t\t\t\t<\/div>\n\t\t\t\t\t<\/div>\n\t\t<\/div>\n\t\t\t\t\t<\/div>\n\t\t<\/section>\n\t\t\t\t<section class=\"elementor-section elementor-top-section elementor-element elementor-element-7cd70a0e elementor-section-boxed elementor-section-height-default elementor-section-height-default\" data-id=\"7cd70a0e\" data-element_type=\"section\" data-e-type=\"section\">\n\t\t\t\t\t\t<div class=\"elementor-container elementor-column-gap-default\">\n\t\t\t\t\t<div class=\"elementor-column elementor-col-50 elementor-top-column elementor-element elementor-element-52280fc6\" data-id=\"52280fc6\" data-element_type=\"column\" data-e-type=\"column\">\n\t\t\t<div class=\"elementor-widget-wrap elementor-element-populated\">\n\t\t\t\t\t\t<div class=\"elementor-element elementor-element-7089556e elementor-widget elementor-widget-text-editor\" data-id=\"7089556e\" data-element_type=\"widget\" data-e-type=\"widget\" data-widget_type=\"text-editor.default\">\n\t\t\t\t\t\t\t\t\t<p>200 Waits Dr.<\/p><p>Andalusia, AL 36421<\/p>\t\t\t\t\t\t\t\t<\/div>\n\t\t\t\t<div class=\"elementor-element elementor-element-079b745 elementor-widget elementor-widget-text-editor\" data-id=\"079b745\" data-element_type=\"widget\" data-e-type=\"widget\" data-widget_type=\"text-editor.default\">\n\t\t\t\t\t\t\t\t\t<p>Tel\u00e9fono <a href=\"tel:334.784.9170\">(334) 784-9170<\/a><\/p>\t\t\t\t\t\t\t\t<\/div>\n\t\t\t\t<div class=\"elementor-element elementor-element-aba6f3d elementor-widget elementor-widget-text-editor\" data-id=\"aba6f3d\" data-element_type=\"widget\" data-e-type=\"widget\" data-widget_type=\"text-editor.default\">\n\t\t\t\t\t\t\t\t\t<p>Fax: (251) 217-9107<\/p>\t\t\t\t\t\t\t\t<\/div>\n\t\t\t\t<div class=\"elementor-element elementor-element-3f63992 elementor-widget elementor-widget-text-editor\" data-id=\"3f63992\" data-element_type=\"widget\" data-e-type=\"widget\" data-widget_type=\"text-editor.default\">\n\t\t\t\t\t\t\t\t\t<p><span style=\"color: #1c75bc; font-weight: 600;\">Horario de atenci\u00f3n:<\/span><\/p>\t\t\t\t\t\t\t\t<\/div>\n\t\t\t\t<div class=\"elementor-element elementor-element-0188f52 elementor-widget elementor-widget-text-editor\" data-id=\"0188f52\" data-element_type=\"widget\" data-e-type=\"widget\" data-widget_type=\"text-editor.default\">\n\t\t\t\t\t\t\t\t\t<p>Lunes \u2013 Viernes, 7 a.m. \u2013 5 p.m.<\/p>\t\t\t\t\t\t\t\t<\/div>\n\t\t\t\t<div class=\"elementor-element elementor-element-6252f88d elementor-align-left elementor-widget elementor-widget-button\" data-id=\"6252f88d\" data-element_type=\"widget\" data-e-type=\"widget\" data-widget_type=\"button.default\">\n\t\t\t\t\t\t\t\t\t\t<a class=\"elementor-button elementor-button-link elementor-size-sm\" href=\"https:\/\/mypremisehealth.com\/MyChart\/\" target=\"_blank\">\n\t\t\t\t\t\t<span class=\"elementor-button-content-wrapper\">\n\t\t\t\t\t\t\t\t\t<span class=\"elementor-button-text\">Agendar una cita<\/span>\n\t\t\t\t\t<\/span>\n\t\t\t\t\t<\/a>\n\t\t\t\t\t\t\t\t<\/div>\n\t\t\t\t\t<\/div>\n\t\t<\/div>\n\t\t\t\t<div class=\"elementor-column elementor-col-50 elementor-top-column elementor-element elementor-element-526779e\" data-id=\"526779e\" data-element_type=\"column\" data-e-type=\"column\">\n\t\t\t<div class=\"elementor-widget-wrap elementor-element-populated\">\n\t\t\t\t\t\t<div class=\"elementor-element elementor-element-51f6ed36 elementor-widget elementor-widget-google_maps\" data-id=\"51f6ed36\" data-element_type=\"widget\" data-e-type=\"widget\" data-widget_type=\"google_maps.default\">\n\t\t\t\t\t\t\t<div class=\"elementor-custom-embed\">\n\t\t\t<iframe loading=\"lazy\"\n\t\t\t\t\tsrc=\"https:\/\/maps.google.com\/maps?q=200%20Waits%20Dr.%20%20Andalusia%2C%20AL%2036421&#038;t=m&#038;z=15&#038;output=embed&#038;iwloc=near\"\n\t\t\t\t\ttitle=\"200 Waits Dr.  Andalusia, AL 36421\"\n\t\t\t\t\taria-label=\"200 Waits Dr.  Andalusia, AL 36421\"\n\t\t\t><\/iframe>\n\t\t<\/div>\n\t\t\t\t\t\t<\/div>\n\t\t\t\t\t<\/div>\n\t\t<\/div>\n\t\t\t\t\t<\/div>\n\t\t<\/section>\n\t\t\t\t<section class=\"elementor-section elementor-top-section elementor-element elementor-element-f918c01 elementor-section-boxed elementor-section-height-default elementor-section-height-default\" data-id=\"f918c01\" data-element_type=\"section\" data-e-type=\"section\" data-settings=\"{&quot;background_background&quot;:&quot;classic&quot;}\">\n\t\t\t\t\t\t<div class=\"elementor-container elementor-column-gap-default\">\n\t\t\t\t\t<div class=\"elementor-column elementor-col-100 elementor-top-column elementor-element elementor-element-548d29b3\" data-id=\"548d29b3\" data-element_type=\"column\" data-e-type=\"column\">\n\t\t\t<div class=\"elementor-widget-wrap elementor-element-populated\">\n\t\t\t\t\t\t<div class=\"elementor-element elementor-element-5bd1ff82 elementor-widget elementor-widget-heading\" data-id=\"5bd1ff82\" data-element_type=\"widget\" data-e-type=\"widget\" data-widget_type=\"heading.default\">\n\t\t\t\t\t<h4 class=\"elementor-heading-title elementor-size-default\">Los servicios en esta ubicaci\u00f3n incluyen:<\/h4>\t\t\t\t<\/div>\n\t\t\t\t<section class=\"elementor-section elementor-inner-section elementor-element elementor-element-614fef75 elementor-section-boxed elementor-section-height-default elementor-section-height-default\" data-id=\"614fef75\" data-element_type=\"section\" data-e-type=\"section\">\n\t\t\t\t\t\t<div class=\"elementor-container elementor-column-gap-no\">\n\t\t\t\t\t<div class=\"elementor-column elementor-col-50 elementor-inner-column elementor-element elementor-element-1e2aaa59\" data-id=\"1e2aaa59\" data-element_type=\"column\" data-e-type=\"column\">\n\t\t\t<div class=\"elementor-widget-wrap elementor-element-populated\">\n\t\t\t\t\t\t<div class=\"elementor-element elementor-element-38f9c9e8 elementor-widget elementor-widget-text-editor\" data-id=\"38f9c9e8\" data-element_type=\"widget\" data-e-type=\"widget\" data-widget_type=\"text-editor.default\">\n\t\t\t\t\t\t\t\t\t<ul><li>Atenci\u00f3n primaria<\/li><li>Entrenamiento de bienestar<\/li><li>Nutrici\u00f3n<\/li><li>Tratamiento y manejo de condiciones<\/li><\/ul>\t\t\t\t\t\t\t\t<\/div>\n\t\t\t\t\t<\/div>\n\t\t<\/div>\n\t\t\t\t<div class=\"elementor-column elementor-col-50 elementor-inner-column elementor-element elementor-element-195b004b\" data-id=\"195b004b\" data-element_type=\"column\" data-e-type=\"column\">\n\t\t\t<div class=\"elementor-widget-wrap elementor-element-populated\">\n\t\t\t\t\t\t<div class=\"elementor-element elementor-element-181173c7 elementor-widget elementor-widget-text-editor\" data-id=\"181173c7\" data-element_type=\"widget\" data-e-type=\"widget\" data-widget_type=\"text-editor.default\">\n\t\t\t\t\t\t\t\t\t<ul><li>Medicamentos dispensados \u200b\u200bpor el proveedor<\/li><li>Servicios de laboratorio<\/li><li><span style=\"font-style: inherit; font-weight: inherit; color: var( --e-global-color-text ); font-family: var( --e-global-typography-text-font-family ), Sans-serif; background-color: var( --e-global-color-384134f );\">Salud conductual<\/span><\/li><li>Vacunas<\/li><\/ul>\t\t\t\t\t\t\t\t<\/div>\n\t\t\t\t\t<\/div>\n\t\t<\/div>\n\t\t\t\t\t<\/div>\n\t\t<\/section>\n\t\t\t\t<div class=\"elementor-element elementor-element-3c44a5b7 elementor-align-center elementor-widget elementor-widget-button\" data-id=\"3c44a5b7\" data-element_type=\"widget\" data-e-type=\"widget\" data-widget_type=\"button.default\">\n\t\t\t\t\t\t\t\t\t\t<a class=\"elementor-button elementor-button-link elementor-size-sm\" href=\"https:\/\/members.premisehealth.com\/es\/shaw\/services\/\">\n\t\t\t\t\t\t<span class=\"elementor-button-content-wrapper\">\n\t\t\t\t\t\t\t\t\t<span class=\"elementor-button-text\">M\u00e1s informaci\u00f3n<\/span>\n\t\t\t\t\t<\/span>\n\t\t\t\t\t<\/a>\n\t\t\t\t\t\t\t\t<\/div>\n\t\t\t\t\t<\/div>\n\t\t<\/div>\n\t\t\t\t\t<\/div>\n\t\t<\/section>\n\t\t\t\t<section class=\"elementor-section elementor-top-section elementor-element elementor-element-5f6f4fc8 elementor-section-boxed elementor-section-height-default elementor-section-height-default\" data-id=\"5f6f4fc8\" data-element_type=\"section\" data-e-type=\"section\">\n\t\t\t\t\t\t<div class=\"elementor-container elementor-column-gap-default\">\n\t\t\t\t\t<div class=\"elementor-column elementor-col-100 elementor-top-column elementor-element elementor-element-676a2f55\" data-id=\"676a2f55\" data-element_type=\"column\" data-e-type=\"column\">\n\t\t\t<div class=\"elementor-widget-wrap elementor-element-populated\">\n\t\t\t\t\t\t<div class=\"elementor-element elementor-element-32fb4f24 elementor-widget elementor-widget-heading\" data-id=\"32fb4f24\" data-element_type=\"widget\" data-e-type=\"widget\" data-widget_type=\"heading.default\">\n\t\t\t\t\t<h4 class=\"elementor-heading-title elementor-size-default\">Conozca a sus proveedores m\u00e9dicos.<\/h4>\t\t\t\t<\/div>\n\t\t\t\t\t<\/div>\n\t\t<\/div>\n\t\t\t\t\t<\/div>\n\t\t<\/section>\n\t\t\t\t<section class=\"elementor-section elementor-top-section elementor-element elementor-element-436e280b elementor-section-boxed elementor-section-height-default elementor-section-height-default\" data-id=\"436e280b\" data-element_type=\"section\" data-e-type=\"section\">\n\t\t\t\t\t\t<div class=\"elementor-container elementor-column-gap-default\">\n\t\t\t\t\t<div class=\"elementor-column elementor-col-33 elementor-top-column elementor-element elementor-element-1bfc2a61\" data-id=\"1bfc2a61\" data-element_type=\"column\" data-e-type=\"column\">\n\t\t\t<div class=\"elementor-widget-wrap elementor-element-populated\">\n\t\t\t\t\t\t<div class=\"elementor-element elementor-element-39b5dcc9 elementor-widget elementor-widget-image\" data-id=\"39b5dcc9\" data-element_type=\"widget\" data-e-type=\"widget\" data-widget_type=\"image.default\">\n\t\t\t\t\t\t\t\t\t\t\t\t\t\t\t<img loading=\"lazy\" decoding=\"async\" width=\"999\" height=\"1024\" src=\"https:\/\/members.premisehealth.com\/wp-content\/uploads\/2026\/01\/Beverly-Taylor-LCSW-e1689373763818-999x1024.jpg\" class=\"attachment-large size-large wp-image-9657\" alt=\"\" srcset=\"https:\/\/members.premisehealth.com\/wp-content\/uploads\/2026\/01\/Beverly-Taylor-LCSW-e1689373763818-999x1024.jpg 999w, https:\/\/members.premisehealth.com\/wp-content\/uploads\/2026\/01\/Beverly-Taylor-LCSW-e1689373763818-293x300.jpg 293w, https:\/\/members.premisehealth.com\/wp-content\/uploads\/2026\/01\/Beverly-Taylor-LCSW-e1689373763818-768x788.jpg 768w, https:\/\/members.premisehealth.com\/wp-content\/uploads\/2026\/01\/Beverly-Taylor-LCSW-e1689373763818-12x12.jpg 12w, https:\/\/members.premisehealth.com\/wp-content\/uploads\/2026\/01\/Beverly-Taylor-LCSW-e1689373763818.jpg 1024w\" sizes=\"auto, (max-width: 999px) 100vw, 999px\" \/>\t\t\t\t\t\t\t\t\t\t\t\t\t\t\t<\/div>\n\t\t\t\t\t<\/div>\n\t\t<\/div>\n\t\t\t\t<div class=\"elementor-column elementor-col-66 elementor-top-column elementor-element elementor-element-114dba50\" data-id=\"114dba50\" data-element_type=\"column\" data-e-type=\"column\">\n\t\t\t<div class=\"elementor-widget-wrap elementor-element-populated\">\n\t\t\t\t\t\t<div class=\"elementor-element elementor-element-5990f20e elementor-widget elementor-widget-heading\" data-id=\"5990f20e\" data-element_type=\"widget\" data-e-type=\"widget\" data-widget_type=\"heading.default\">\n\t\t\t\t\t<h5 class=\"elementor-heading-title elementor-size-default\">Beverly Taylor, LCSW<br>Proveedor de servicios de salud conductual con licencia<\/h5>\t\t\t\t<\/div>\n\t\t\t\t<div class=\"elementor-element elementor-element-40a4bff4 elementor-widget elementor-widget-text-editor\" data-id=\"40a4bff4\" data-element_type=\"widget\" data-e-type=\"widget\" data-widget_type=\"text-editor.default\">\n\t\t\t\t\t\t\t\t\t<p>Beverly es una trabajadora social cl\u00ednica autorizada con muchos a\u00f1os de experiencia ayudando a personas de todas las edades a sanar. Ella quiere ayudarlo a alcanzar su m\u00e1ximo potencial en la vida brind\u00e1ndole terapia y asesoramiento compasivos. Hay momentos en los que usted o los miembros de su familia pueden experimentar problemas delicados como divorcio, duelo o abuso; Beverly se compromete a ayudarlo a superarlos.<\/p>\t\t\t\t\t\t\t\t<\/div>\n\t\t\t\t\t<\/div>\n\t\t<\/div>\n\t\t\t\t\t<\/div>\n\t\t<\/section>\n\t\t\t\t<section class=\"elementor-section elementor-top-section elementor-element elementor-element-71da01a2 elementor-section-boxed elementor-section-height-default elementor-section-height-default\" data-id=\"71da01a2\" data-element_type=\"section\" data-e-type=\"section\">\n\t\t\t\t\t\t<div class=\"elementor-container elementor-column-gap-default\">\n\t\t\t\t\t<div class=\"elementor-column elementor-col-33 elementor-top-column elementor-element elementor-element-5f6d1752\" data-id=\"5f6d1752\" data-element_type=\"column\" data-e-type=\"column\">\n\t\t\t<div class=\"elementor-widget-wrap elementor-element-populated\">\n\t\t\t\t\t\t<div class=\"elementor-element elementor-element-1aebd884 elementor-widget elementor-widget-image\" data-id=\"1aebd884\" data-element_type=\"widget\" data-e-type=\"widget\" data-widget_type=\"image.default\">\n\t\t\t\t\t\t\t\t\t\t\t\t\t\t\t<img loading=\"lazy\" decoding=\"async\" width=\"536\" height=\"645\" src=\"https:\/\/members.premisehealth.com\/wp-content\/uploads\/2026\/01\/Kendal-Payne-NP.png\" class=\"attachment-large size-large wp-image-9658\" alt=\"\" srcset=\"https:\/\/members.premisehealth.com\/wp-content\/uploads\/2026\/01\/Kendal-Payne-NP.png 536w, https:\/\/members.premisehealth.com\/wp-content\/uploads\/2026\/01\/Kendal-Payne-NP-249x300.png 249w, https:\/\/members.premisehealth.com\/wp-content\/uploads\/2026\/01\/Kendal-Payne-NP-10x12.png 10w\" sizes=\"auto, (max-width: 536px) 100vw, 536px\" \/>\t\t\t\t\t\t\t\t\t\t\t\t\t\t\t<\/div>\n\t\t\t\t\t<\/div>\n\t\t<\/div>\n\t\t\t\t<div class=\"elementor-column elementor-col-66 elementor-top-column elementor-element elementor-element-2d08f8\" data-id=\"2d08f8\" data-element_type=\"column\" data-e-type=\"column\">\n\t\t\t<div class=\"elementor-widget-wrap elementor-element-populated\">\n\t\t\t\t\t\t<div class=\"elementor-element elementor-element-29e252d elementor-widget elementor-widget-heading\" data-id=\"29e252d\" data-element_type=\"widget\" data-e-type=\"widget\" data-widget_type=\"heading.default\">\n\t\t\t\t\t<h5 class=\"elementor-heading-title elementor-size-default\">Kendal Payne, NP<br>Enfermera practicante<\/h5>\t\t\t\t<\/div>\n\t\t\t\t<div class=\"elementor-element elementor-element-41ffd49c elementor-widget elementor-widget-text-editor\" data-id=\"41ffd49c\" data-element_type=\"widget\" data-e-type=\"widget\" data-widget_type=\"text-editor.default\">\n\t\t\t\t\t\t\t\t\t<p>Les presentamos a Kendal, una enfermera especializada con amplia experiencia que forma parte del equipo del Centro de Salud Familiar Shaw en Andalusia. Le apasiona educar a los pacientes sobre los cambios en el estilo de vida que pueden mejorar su salud. Est\u00e1 comprometida a brindar atenci\u00f3n personalizada para satisfacer sus necesidades de salud individuales. Kendal est\u00e1 encantada de formar parte de la familia Shaw y espera con entusiasmo atender a los empleados de Shaw y a sus familiares.\u00a0<\/p>\t\t\t\t\t\t\t\t<\/div>\n\t\t\t\t\t<\/div>\n\t\t<\/div>\n\t\t\t\t\t<\/div>\n\t\t<\/section>\n\t\t\t\t<\/div>","protected":false},"excerpt":{"rendered":"<p>Shaw Family Health Center Andalusia, Alabama 200 Waits Dr. Andalusia, AL 36421 Phone: (334) 784-9170 Fax: (251) 217-9107 Hours of operation: Monday \u2013 Friday, 7 a.m. &#8211; 5 p.m. Schedule an appointment Services at this location include: Primary care Wellness coaching Nutrition Treatment and management of conditions Provider-dispensed medications Lab services Behavioral health Vaccines Learn [&hellip;]<\/p>","protected":false},"author":7,"featured_media":0,"parent":9670,"menu_order":0,"comment_status":"closed","ping_status":"closed","template":"elementor_header_footer","meta":{"_acf_changed":false,"footnotes":""},"class_list":["post-9656","page","type-page","status-publish","hentry"],"acf":[],"yoast_head":"<!-- This site is optimized with the Yoast SEO plugin v26.9 - https:\/\/yoast.com\/product\/yoast-seo-wordpress\/ -->\n<title>Andalusia, AL | Shaw Family Health Center - Premise Health Members<\/title>\n<meta name=\"robots\" content=\"index, follow, max-snippet:-1, max-image-preview:large, max-video-preview:-1\" \/>\n<link rel=\"canonical\" href=\"https:\/\/shawfamilyhealthcenter.com\/andalusia\/\" \/>\n<meta property=\"og:locale\" content=\"es_MX\" \/>\n<meta property=\"og:type\" content=\"article\" \/>\n<meta property=\"og:title\" content=\"Andalusia, AL | Shaw Family Health Center - Premise Health Members\" \/>\n<meta property=\"og:description\" content=\"Shaw Family Health Center Andalusia, Alabama 200 Waits Dr. Andalusia, AL 36421 Phone: (334) 784-9170 Fax: (251) 217-9107 Hours of operation: Monday \u2013 Friday, 7 a.m. &#8211; 5 p.m. Schedule an appointment Services at this location include: Primary care Wellness coaching Nutrition Treatment and management of conditions Provider-dispensed medications Lab services Behavioral health Vaccines Learn [&hellip;]\" \/>\n<meta property=\"og:url\" content=\"https:\/\/shawfamilyhealthcenter.com\/andalusia\/\" \/>\n<meta property=\"og:site_name\" content=\"Premise Health Members\" \/>\n<meta property=\"article:modified_time\" content=\"2026-02-06T05:08:29+00:00\" \/>\n<meta property=\"og:image\" content=\"https:\/\/members.premisehealth.com\/wp-content\/uploads\/2025\/08\/Icon.svg\" \/>\n<meta name=\"twitter:card\" content=\"summary_large_image\" \/>\n<meta name=\"twitter:label1\" content=\"Est. reading time\" \/>\n\t<meta name=\"twitter:data1\" content=\"1 minuto\" \/>\n<script type=\"application\/ld+json\" class=\"yoast-schema-graph\">{\"@context\":\"https:\/\/schema.org\",\"@graph\":[{\"@type\":\"WebPage\",\"@id\":\"https:\/\/shawfamilyhealthcenter.com\/andalusia\/\",\"url\":\"https:\/\/shawfamilyhealthcenter.com\/andalusia\/\",\"name\":\"Andalusia, AL | Shaw Family Health Center - Premise Health Members\",\"isPartOf\":{\"@id\":\"https:\/\/members.premisehealth.com\/#website\"},\"primaryImageOfPage\":{\"@id\":\"https:\/\/shawfamilyhealthcenter.com\/andalusia\/#primaryimage\"},\"image\":{\"@id\":\"https:\/\/shawfamilyhealthcenter.com\/andalusia\/#primaryimage\"},\"thumbnailUrl\":\"https:\/\/members.premisehealth.com\/wp-content\/uploads\/2025\/08\/Icon.svg\",\"datePublished\":\"2026-01-09T14:13:14+00:00\",\"dateModified\":\"2026-02-06T05:08:29+00:00\",\"breadcrumb\":{\"@id\":\"https:\/\/shawfamilyhealthcenter.com\/andalusia\/#breadcrumb\"},\"inLanguage\":\"es\",\"potentialAction\":[{\"@type\":\"ReadAction\",\"target\":[\"https:\/\/shawfamilyhealthcenter.com\/andalusia\/\"]}]},{\"@type\":\"ImageObject\",\"inLanguage\":\"es\",\"@id\":\"https:\/\/shawfamilyhealthcenter.com\/andalusia\/#primaryimage\",\"url\":\"https:\/\/members.premisehealth.com\/wp-content\/uploads\/2025\/08\/Icon.svg\",\"contentUrl\":\"https:\/\/members.premisehealth.com\/wp-content\/uploads\/2025\/08\/Icon.svg\"},{\"@type\":\"BreadcrumbList\",\"@id\":\"https:\/\/shawfamilyhealthcenter.com\/andalusia\/#breadcrumb\",\"itemListElement\":[{\"@type\":\"ListItem\",\"position\":1,\"name\":\"Home\",\"item\":\"https:\/\/members.premisehealth.com\/\"},{\"@type\":\"ListItem\",\"position\":2,\"name\":\"Home | Shaw Family Health Center\",\"item\":\"https:\/\/shawfamilyhealthcenter.com\/\"},{\"@type\":\"ListItem\",\"position\":3,\"name\":\"Andalusia, AL | Shaw Family Health Center\"}]},{\"@type\":\"WebSite\",\"@id\":\"https:\/\/members.premisehealth.com\/#website\",\"url\":\"https:\/\/members.premisehealth.com\/\",\"name\":\"Premise Health Members\",\"description\":\"\",\"potentialAction\":[{\"@type\":\"SearchAction\",\"target\":{\"@type\":\"EntryPoint\",\"urlTemplate\":\"https:\/\/members.premisehealth.com\/?s={search_term_string}\"},\"query-input\":{\"@type\":\"PropertyValueSpecification\",\"valueRequired\":true,\"valueName\":\"search_term_string\"}}],\"inLanguage\":\"es\"}]}<\/script>\n<!-- \/ Yoast SEO plugin. -->","yoast_head_json":{"title":"Andalusia, AL | Shaw Family Health Center - Premise Health Members","robots":{"index":"index","follow":"follow","max-snippet":"max-snippet:-1","max-image-preview":"max-image-preview:large","max-video-preview":"max-video-preview:-1"},"canonical":"https:\/\/shawfamilyhealthcenter.com\/andalusia\/","og_locale":"es_MX","og_type":"article","og_title":"Andalusia, AL | Shaw Family Health Center - Premise Health Members","og_description":"Shaw Family Health Center Andalusia, Alabama 200 Waits Dr. Andalusia, AL 36421 Phone: (334) 784-9170 Fax: (251) 217-9107 Hours of operation: Monday \u2013 Friday, 7 a.m. &#8211; 5 p.m. Schedule an appointment Services at this location include: Primary care Wellness coaching Nutrition Treatment and management of conditions Provider-dispensed medications Lab services Behavioral health Vaccines Learn [&hellip;]","og_url":"https:\/\/shawfamilyhealthcenter.com\/andalusia\/","og_site_name":"Premise Health Members","article_modified_time":"2026-02-06T05:08:29+00:00","og_image":[{"url":"https:\/\/members.premisehealth.com\/wp-content\/uploads\/2025\/08\/Icon.svg","type":"","width":"","height":""}],"twitter_card":"summary_large_image","twitter_misc":{"Est. reading time":"1 minuto"},"schema":{"@context":"https:\/\/schema.org","@graph":[{"@type":"WebPage","@id":"https:\/\/shawfamilyhealthcenter.com\/andalusia\/","url":"https:\/\/shawfamilyhealthcenter.com\/andalusia\/","name":"Andalusia, AL | Shaw Family Health Center - Premise Health Members","isPartOf":{"@id":"https:\/\/members.premisehealth.com\/#website"},"primaryImageOfPage":{"@id":"https:\/\/shawfamilyhealthcenter.com\/andalusia\/#primaryimage"},"image":{"@id":"https:\/\/shawfamilyhealthcenter.com\/andalusia\/#primaryimage"},"thumbnailUrl":"https:\/\/members.premisehealth.com\/wp-content\/uploads\/2025\/08\/Icon.svg","datePublished":"2026-01-09T14:13:14+00:00","dateModified":"2026-02-06T05:08:29+00:00","breadcrumb":{"@id":"https:\/\/shawfamilyhealthcenter.com\/andalusia\/#breadcrumb"},"inLanguage":"es","potentialAction":[{"@type":"ReadAction","target":["https:\/\/shawfamilyhealthcenter.com\/andalusia\/"]}]},{"@type":"ImageObject","inLanguage":"es","@id":"https:\/\/shawfamilyhealthcenter.com\/andalusia\/#primaryimage","url":"https:\/\/members.premisehealth.com\/wp-content\/uploads\/2025\/08\/Icon.svg","contentUrl":"https:\/\/members.premisehealth.com\/wp-content\/uploads\/2025\/08\/Icon.svg"},{"@type":"BreadcrumbList","@id":"https:\/\/shawfamilyhealthcenter.com\/andalusia\/#breadcrumb","itemListElement":[{"@type":"ListItem","position":1,"name":"Home","item":"https:\/\/members.premisehealth.com\/"},{"@type":"ListItem","position":2,"name":"Home | Shaw Family Health Center","item":"https:\/\/shawfamilyhealthcenter.com\/"},{"@type":"ListItem","position":3,"name":"Andalusia, AL | Shaw Family Health Center"}]},{"@type":"WebSite","@id":"https:\/\/members.premisehealth.com\/#website","url":"https:\/\/members.premisehealth.com\/","name":"Premise Health Members","description":"","potentialAction":[{"@type":"SearchAction","target":{"@type":"EntryPoint","urlTemplate":"https:\/\/members.premisehealth.com\/?s={search_term_string}"},"query-input":{"@type":"PropertyValueSpecification","valueRequired":true,"valueName":"search_term_string"}}],"inLanguage":"es"}]}},"_links":{"self":[{"href":"https:\/\/members.premisehealth.com\/es\/wp-json\/wp\/v2\/pages\/9656","targetHints":{"allow":["GET"]}}],"collection":[{"href":"https:\/\/members.premisehealth.com\/es\/wp-json\/wp\/v2\/pages"}],"about":[{"href":"https:\/\/members.premisehealth.com\/es\/wp-json\/wp\/v2\/types\/page"}],"author":[{"embeddable":true,"href":"https:\/\/members.premisehealth.com\/es\/wp-json\/wp\/v2\/users\/7"}],"replies":[{"embeddable":true,"href":"https:\/\/members.premisehealth.com\/es\/wp-json\/wp\/v2\/comments?post=9656"}],"version-history":[{"count":0,"href":"https:\/\/members.premisehealth.com\/es\/wp-json\/wp\/v2\/pages\/9656\/revisions"}],"up":[{"embeddable":true,"href":"https:\/\/members.premisehealth.com\/es\/wp-json\/wp\/v2\/pages\/9670"}],"wp:attachment":[{"href":"https:\/\/members.premisehealth.com\/es\/wp-json\/wp\/v2\/media?parent=9656"}],"curies":[{"name":"wp","href":"https:\/\/api.w.org\/{rel}","templated":true}]}}